{"id":572,"date":"2023-08-07T11:28:16","date_gmt":"2023-08-07T09:28:16","guid":{"rendered":"https:\/\/www.hobbyliga-stormarn.de\/?page_id=572"},"modified":"2023-08-07T11:50:58","modified_gmt":"2023-08-07T09:50:58","slug":"das-regelwerk","status":"publish","type":"page","link":"https:\/\/www.hobbyliga-stormarn.de\/index.php\/das-regelwerk\/","title":{"rendered":"Das Regelwerk"},"content":{"rendered":"\t\t<div data-elementor-type=\"wp-page\" data-elementor-id=\"572\" class=\"elementor elementor-572\">\n\t\t\t\t\t\t<section class=\"elementor-section elementor-top-section elementor-element elementor-element-151c07b elementor-section-boxed elementor-section-height-default elementor-section-height-default\" data-id=\"151c07b\" data-element_type=\"section\">\n\t\t\t\t\t\t<div class=\"elementor-container elementor-column-gap-default\">\n\t\t\t\t\t<div class=\"elementor-column elementor-col-100 elementor-top-column elementor-element elementor-element-9a08de7\" data-id=\"9a08de7\" data-element_type=\"column\">\n\t\t\t<div class=\"elementor-widget-wrap elementor-element-populated\">\n\t\t\t\t\t\t<div class=\"elementor-element elementor-element-4869316 elementor-widget elementor-widget-heading\" data-id=\"4869316\" data-element_type=\"widget\" data-widget_type=\"heading.default\">\n\t\t\t\t<div class=\"elementor-widget-container\">\n\t\t\t\t\t<h2 class=\"elementor-heading-title elementor-size-xl\">Offizielles Regelwerk der Hobbyliga Stormarn<\/h2>\t\t\t\t<\/div>\n\t\t\t\t<\/div>\n\t\t\t\t\t<\/div>\n\t\t<\/div>\n\t\t\t\t\t<\/div>\n\t\t<\/section>\n\t\t\t\t<section class=\"elementor-section elementor-top-section elementor-element elementor-element-772cf0b elementor-section-boxed elementor-section-height-default elementor-section-height-default\" data-id=\"772cf0b\" data-element_type=\"section\">\n\t\t\t\t\t\t<div class=\"elementor-container elementor-column-gap-default\">\n\t\t\t\t\t<div class=\"elementor-column elementor-col-100 elementor-top-column elementor-element elementor-element-5136ded\" data-id=\"5136ded\" data-element_type=\"column\">\n\t\t\t<div class=\"elementor-widget-wrap elementor-element-populated\">\n\t\t\t\t\t\t<div class=\"elementor-element elementor-element-dc0941a elementor-widget elementor-widget-text-editor\" data-id=\"dc0941a\" data-element_type=\"widget\" data-widget_type=\"text-editor.default\">\n\t\t\t\t<div class=\"elementor-widget-container\">\n\t\t\t\t\t\t\t\t\t<p>Gespielt wird nach den offiziellen Regeln des DVV, davon abweichende Regelungen m\u00fcssen zwingend VOR Spielbeginn einvernehmlich durch beide Mannschaftsf\u00fchrer festgelegt und auf dem Spielberichtsbogen vermerkt werden! Wenn keine Einigung zustande kommt gelten die offiziellen Regeln.<\/p><p><a href=\"https:\/\/www.volleyballer.de\/regeln\/\">https:\/\/www.volleyballer.de\/regeln\/<\/a><\/p>\t\t\t\t\t\t\t\t<\/div>\n\t\t\t\t<\/div>\n\t\t\t\t\t<\/div>\n\t\t<\/div>\n\t\t\t\t\t<\/div>\n\t\t<\/section>\n\t\t\t\t<section class=\"elementor-section elementor-top-section elementor-element elementor-element-42ca0f8 elementor-section-boxed elementor-section-height-default elementor-section-height-default\" data-id=\"42ca0f8\" data-element_type=\"section\">\n\t\t\t\t\t\t<div class=\"elementor-container elementor-column-gap-default\">\n\t\t\t\t\t<div class=\"elementor-column elementor-col-100 elementor-top-column elementor-element elementor-element-c4c2064\" data-id=\"c4c2064\" data-element_type=\"column\">\n\t\t\t<div class=\"elementor-widget-wrap elementor-element-populated\">\n\t\t\t\t\t\t<div class=\"elementor-element elementor-element-c1fb91e elementor-widget elementor-widget-heading\" data-id=\"c1fb91e\" data-element_type=\"widget\" data-widget_type=\"heading.default\">\n\t\t\t\t<div class=\"elementor-widget-container\">\n\t\t\t\t\t<h1 class=\"elementor-heading-title elementor-size-medium\">Allgemeines<\/h1>\t\t\t\t<\/div>\n\t\t\t\t<\/div>\n\t\t\t\t\t<\/div>\n\t\t<\/div>\n\t\t\t\t\t<\/div>\n\t\t<\/section>\n\t\t\t\t<section class=\"elementor-section elementor-top-section elementor-element elementor-element-2e160e3 elementor-section-boxed elementor-section-height-default elementor-section-height-default\" data-id=\"2e160e3\" data-element_type=\"section\">\n\t\t\t\t\t\t<div class=\"elementor-container elementor-column-gap-default\">\n\t\t\t\t\t<div class=\"elementor-column elementor-col-100 elementor-top-column elementor-element elementor-element-738ce93\" data-id=\"738ce93\" data-element_type=\"column\">\n\t\t\t<div class=\"elementor-widget-wrap elementor-element-populated\">\n\t\t\t\t\t\t<div class=\"elementor-element elementor-element-5992455 elementor-widget elementor-widget-text-editor\" data-id=\"5992455\" data-element_type=\"widget\" data-widget_type=\"text-editor.default\">\n\t\t\t\t<div class=\"elementor-widget-container\">\n\t\t\t\t\t\t\t\t\t<p>Die Spielfeldgr\u00f6\u00dfe betr\u00e4gt 9x18m, hallenbedingte Gr\u00f6\u00dfen\u00e4nderungen sind dem Gegner vor Spielbeginn bekannt zu geben.<br \/>Die Netzh\u00f6he f\u00fcr Mixed-Volleyball betr\u00e4gt 2.35m<\/p>\t\t\t\t\t\t\t\t<\/div>\n\t\t\t\t<\/div>\n\t\t\t\t\t<\/div>\n\t\t<\/div>\n\t\t\t\t\t<\/div>\n\t\t<\/section>\n\t\t\t\t<section class=\"elementor-section elementor-top-section elementor-element elementor-element-4d4b673 elementor-section-boxed elementor-section-height-default elementor-section-height-default\" data-id=\"4d4b673\" data-element_type=\"section\">\n\t\t\t\t\t\t<div class=\"elementor-container elementor-column-gap-default\">\n\t\t\t\t\t<div class=\"elementor-column elementor-col-100 elementor-top-column elementor-element elementor-element-c8ab361\" data-id=\"c8ab361\" data-element_type=\"column\">\n\t\t\t<div class=\"elementor-widget-wrap elementor-element-populated\">\n\t\t\t\t\t\t<div class=\"elementor-element elementor-element-ebc0453 elementor-widget elementor-widget-heading\" data-id=\"ebc0453\" data-element_type=\"widget\" data-widget_type=\"heading.default\">\n\t\t\t\t<div class=\"elementor-widget-container\">\n\t\t\t\t\t<h2 class=\"elementor-heading-title elementor-size-medium\">Mannschaften<\/h2>\t\t\t\t<\/div>\n\t\t\t\t<\/div>\n\t\t\t\t\t<\/div>\n\t\t<\/div>\n\t\t\t\t\t<\/div>\n\t\t<\/section>\n\t\t\t\t<section class=\"elementor-section elementor-top-section elementor-element elementor-element-7955565 elementor-section-boxed elementor-section-height-default elementor-section-height-default\" data-id=\"7955565\" data-element_type=\"section\">\n\t\t\t\t\t\t<div class=\"elementor-container elementor-column-gap-default\">\n\t\t\t\t\t<div class=\"elementor-column elementor-col-100 elementor-top-column elementor-element elementor-element-fac5ccd\" data-id=\"fac5ccd\" data-element_type=\"column\">\n\t\t\t<div class=\"elementor-widget-wrap elementor-element-populated\">\n\t\t\t\t\t\t<div class=\"elementor-element elementor-element-87e731e elementor-widget elementor-widget-text-editor\" data-id=\"87e731e\" data-element_type=\"widget\" data-widget_type=\"text-editor.default\">\n\t\t\t\t<div class=\"elementor-widget-container\">\n\t\t\t\t\t\t\t\t\t<p>Pro Mannschaft m\u00fcssen 2 Frauen auf dem Spielfeld sein. M\u00e4nner \u00fcber 50 Jahre z\u00e4hlen als Frau (ggf. Altersnachweis dabei haben!). Es darf nur eine Frau durch einen Mann \u00fcber 50 ersetzt werden \u2026 schlie\u00dflich spielen wir Mixed-Volleyball \ud83d\ude09 Ausnahmen sind vor Spielbeginn mit dem Gegner zu kl\u00e4ren und im Spielbericht zu vermerken!<\/p><p>Bei Spielerknappheit darf eine Mannschaft auch nur mit 5 Personen antreten. Die Frauen-Regelung bleibt davon unber\u00fchrt! Einw\u00e4nde gegen die Aufstellung m\u00fcssen vor Ende des Spiel (besser noch vor Spielbeginn!) ge\u00e4u\u00dfert werden. Ein nachtr\u00e4glicher Einwand (ohne Vermerk auf dem Spielbericht!) wird nicht akzeptiert.<\/p><p>Spielberechtigt sind ausschlie\u00dflich Spielerinnen und Spieler OHNE Spielerpass au\u00dfer wenn die gegnerische Mannschaft damit einverstanden ist (Vermerk auf dem Spielbericht!).<\/p><p>Weiterhin d\u00fcrfen Spielerinnen und Spieler innerhalb der Hobbyliga nur f\u00fcr eine Mannschaft spielen. Ein permanenter Wechsel zwischen verschiedenen Mannschaften ist nicht erlaubt!<\/p>\t\t\t\t\t\t\t\t<\/div>\n\t\t\t\t<\/div>\n\t\t\t\t\t<\/div>\n\t\t<\/div>\n\t\t\t\t\t<\/div>\n\t\t<\/section>\n\t\t\t\t<section class=\"elementor-section elementor-top-section elementor-element elementor-element-0c4b6f2 elementor-section-boxed elementor-section-height-default elementor-section-height-default\" data-id=\"0c4b6f2\" data-element_type=\"section\">\n\t\t\t\t\t\t<div class=\"elementor-container elementor-column-gap-default\">\n\t\t\t\t\t<div class=\"elementor-column elementor-col-100 elementor-top-column elementor-element elementor-element-6dcb0eb\" data-id=\"6dcb0eb\" data-element_type=\"column\">\n\t\t\t<div class=\"elementor-widget-wrap elementor-element-populated\">\n\t\t\t\t\t\t<div class=\"elementor-element elementor-element-8ae1b66 elementor-widget elementor-widget-heading\" data-id=\"8ae1b66\" data-element_type=\"widget\" data-widget_type=\"heading.default\">\n\t\t\t\t<div class=\"elementor-widget-container\">\n\t\t\t\t\t<h2 class=\"elementor-heading-title elementor-size-medium\">Schiedsgericht und Spielbericht<\/h2>\t\t\t\t<\/div>\n\t\t\t\t<\/div>\n\t\t\t\t\t<\/div>\n\t\t<\/div>\n\t\t\t\t\t<\/div>\n\t\t<\/section>\n\t\t\t\t<section class=\"elementor-section elementor-top-section elementor-element elementor-element-de06050 elementor-section-boxed elementor-section-height-default elementor-section-height-default\" data-id=\"de06050\" data-element_type=\"section\">\n\t\t\t\t\t\t<div class=\"elementor-container elementor-column-gap-default\">\n\t\t\t\t\t<div class=\"elementor-column elementor-col-100 elementor-top-column elementor-element elementor-element-f5e5694\" data-id=\"f5e5694\" data-element_type=\"column\">\n\t\t\t<div class=\"elementor-widget-wrap elementor-element-populated\">\n\t\t\t\t\t\t<div class=\"elementor-element elementor-element-6685a92 elementor-widget elementor-widget-text-editor\" data-id=\"6685a92\" data-element_type=\"widget\" data-widget_type=\"text-editor.default\">\n\t\t\t\t<div class=\"elementor-widget-container\">\n\t\t\t\t\t\t\t\t\t<p>Die Heimmannschaft stellt das Schieds- und Z\u00e4hlgericht. Eine Person pro Gericht ist ausreichend. Weiterhin sollten auch Linienrichter eingesetzt werden um strittige Situationen besser einsch\u00e4tzen zu k\u00f6nnen.<\/p><p>Die Heimmannschaft stellt ebenfalls den Spielball und den Spielberichtsbogen. Nach Spielende ist der Spielberichtsbogen durch Mannschaftsf\u00fchrer beider Mannschaften zu unterschreiben. Im Anschluss muss dieser unverz\u00fcglich (nach 3 Tagen wird die erste Ermahnung kommen!) \u00fcber die bekannten Wege der Kontaktliste an den Staffelleiter \u00fcbermittelt werden.<\/p>\t\t\t\t\t\t\t\t<\/div>\n\t\t\t\t<\/div>\n\t\t\t\t\t<\/div>\n\t\t<\/div>\n\t\t\t\t\t<\/div>\n\t\t<\/section>\n\t\t\t\t<section class=\"elementor-section elementor-top-section elementor-element elementor-element-07cb84c elementor-section-boxed elementor-section-height-default elementor-section-height-default\" data-id=\"07cb84c\" data-element_type=\"section\">\n\t\t\t\t\t\t<div class=\"elementor-container elementor-column-gap-default\">\n\t\t\t\t\t<div class=\"elementor-column elementor-col-100 elementor-top-column elementor-element elementor-element-ca9a195\" data-id=\"ca9a195\" data-element_type=\"column\">\n\t\t\t<div class=\"elementor-widget-wrap elementor-element-populated\">\n\t\t\t\t\t\t<div class=\"elementor-element elementor-element-65530fc elementor-widget elementor-widget-heading\" data-id=\"65530fc\" data-element_type=\"widget\" data-widget_type=\"heading.default\">\n\t\t\t\t<div class=\"elementor-widget-container\">\n\t\t\t\t\t<h2 class=\"elementor-heading-title elementor-size-medium\">Spielausf\u00e4lle und Verschiebungen<\/h2>\t\t\t\t<\/div>\n\t\t\t\t<\/div>\n\t\t\t\t\t<\/div>\n\t\t<\/div>\n\t\t\t\t\t<\/div>\n\t\t<\/section>\n\t\t\t\t<section class=\"elementor-section elementor-top-section elementor-element elementor-element-68009c8 elementor-section-boxed elementor-section-height-default elementor-section-height-default\" data-id=\"68009c8\" data-element_type=\"section\">\n\t\t\t\t\t\t<div class=\"elementor-container elementor-column-gap-default\">\n\t\t\t\t\t<div class=\"elementor-column elementor-col-100 elementor-top-column elementor-element elementor-element-fc9129e\" data-id=\"fc9129e\" data-element_type=\"column\">\n\t\t\t<div class=\"elementor-widget-wrap elementor-element-populated\">\n\t\t\t\t\t\t<div class=\"elementor-element elementor-element-3827add elementor-widget elementor-widget-text-editor\" data-id=\"3827add\" data-element_type=\"widget\" data-widget_type=\"text-editor.default\">\n\t\t\t\t<div class=\"elementor-widget-container\">\n\t\t\t\t\t\t\t\t\t<p>Die Absage eins Spiels muss mindestens 2 Tage vor dem Termin erfolgen. Anhand der Kontaktliste kann der Kontakt zur gegnerischen Mannschaft aufgenommen werden. Sollte dies nicht m\u00f6glich sein bitte unverz\u00fcglich den Staffelleiter informieren! Ebenso muss jede Spielabsage und der Ersatztermin dem Staffelleiter gemeldet werden. Spielabsagen aufgrund von Spielermangel sind zu vermeiden.<\/p><p>Ein Nachholtermin sollte zeitnah gefunden werden!<\/p><p>Abgesagte und nicht nachgeholte Spiele oder Nichterscheinen einer Mannschaft f\u00fchren zu einer als verloren z\u00e4hlenden Wertung der entsprechenden Mannschaft (0:3 S\u00e4tze, 0:75 Punkte). Die Entscheidung dar\u00fcber liegt einzig und allein beim Staffelleiter auf Grundlage der vorliegenden Meldungen beider Parteien.<\/p>\t\t\t\t\t\t\t\t<\/div>\n\t\t\t\t<\/div>\n\t\t\t\t\t<\/div>\n\t\t<\/div>\n\t\t\t\t\t<\/div>\n\t\t<\/section>\n\t\t\t\t<section class=\"elementor-section elementor-top-section elementor-element elementor-element-8a4ba29 elementor-section-boxed elementor-section-height-default elementor-section-height-default\" data-id=\"8a4ba29\" data-element_type=\"section\">\n\t\t\t\t\t\t<div class=\"elementor-container elementor-column-gap-default\">\n\t\t\t\t\t<div class=\"elementor-column elementor-col-100 elementor-top-column elementor-element elementor-element-d425d73\" data-id=\"d425d73\" data-element_type=\"column\">\n\t\t\t<div class=\"elementor-widget-wrap elementor-element-populated\">\n\t\t\t\t\t\t<div class=\"elementor-element elementor-element-4e13bd7 elementor-widget elementor-widget-heading\" data-id=\"4e13bd7\" data-element_type=\"widget\" data-widget_type=\"heading.default\">\n\t\t\t\t<div class=\"elementor-widget-container\">\n\t\t\t\t\t<h2 class=\"elementor-heading-title elementor-size-medium\">!!! Umgang miteinander !!!<\/h2>\t\t\t\t<\/div>\n\t\t\t\t<\/div>\n\t\t\t\t\t<\/div>\n\t\t<\/div>\n\t\t\t\t\t<\/div>\n\t\t<\/section>\n\t\t\t\t<section class=\"elementor-section elementor-top-section elementor-element elementor-element-d744297 elementor-section-boxed elementor-section-height-default elementor-section-height-default\" data-id=\"d744297\" data-element_type=\"section\">\n\t\t\t\t\t\t<div class=\"elementor-container elementor-column-gap-default\">\n\t\t\t\t\t<div class=\"elementor-column elementor-col-100 elementor-top-column elementor-element elementor-element-58cc8ed\" data-id=\"58cc8ed\" data-element_type=\"column\">\n\t\t\t<div class=\"elementor-widget-wrap elementor-element-populated\">\n\t\t\t\t\t\t<div class=\"elementor-element elementor-element-80b985e elementor-widget elementor-widget-text-editor\" data-id=\"80b985e\" data-element_type=\"widget\" data-widget_type=\"text-editor.default\">\n\t\t\t\t<div class=\"elementor-widget-container\">\n\t\t\t\t\t\t\t\t\t<p>Auch wenn es dazu keine offiziellen Regeln gibt so sei an dieser Stelle nochmal festgehalten: Wir spielen alle aus Hobby und Spa\u00df zusammen Volleyball. Im Vordergrund soll der Spa\u00df stehen. Ehrgeiz, Stimmung und Motivation geh\u00f6ren auch dazu jedoch sollten wir alle noch fair und gerecht miteinander umgehen. In strittigen Situationen darf daher gerne auch die Option \u201eDoppelfehler\u201c verwendet werden (dies obliegt dem Schiedsrichter)<\/p>\t\t\t\t\t\t\t\t<\/div>\n\t\t\t\t<\/div>\n\t\t\t\t\t<\/div>\n\t\t<\/div>\n\t\t\t\t\t<\/div>\n\t\t<\/section>\n\t\t\t\t<section class=\"elementor-section elementor-top-section elementor-element elementor-element-37040d3 elementor-section-boxed elementor-section-height-default elementor-section-height-default\" data-id=\"37040d3\" data-element_type=\"section\">\n\t\t\t\t\t\t<div class=\"elementor-container elementor-column-gap-default\">\n\t\t\t\t\t<div class=\"elementor-column elementor-col-100 elementor-top-column elementor-element elementor-element-884f7e7\" data-id=\"884f7e7\" data-element_type=\"column\">\n\t\t\t<div class=\"elementor-widget-wrap elementor-element-populated\">\n\t\t\t\t\t\t<div class=\"elementor-element elementor-element-2423cd6 elementor-widget elementor-widget-heading\" data-id=\"2423cd6\" data-element_type=\"widget\" data-widget_type=\"heading.default\">\n\t\t\t\t<div class=\"elementor-widget-container\">\n\t\t\t\t\t<h2 class=\"elementor-heading-title elementor-size-large\">Auszug aus dem Regelwerk<\/h2>\t\t\t\t<\/div>\n\t\t\t\t<\/div>\n\t\t\t\t\t<\/div>\n\t\t<\/div>\n\t\t\t\t\t<\/div>\n\t\t<\/section>\n\t\t\t\t<section class=\"elementor-section elementor-top-section elementor-element elementor-element-99c0314 elementor-section-boxed elementor-section-height-default elementor-section-height-default\" data-id=\"99c0314\" data-element_type=\"section\">\n\t\t\t\t\t\t<div class=\"elementor-container elementor-column-gap-default\">\n\t\t\t\t\t<div class=\"elementor-column elementor-col-100 elementor-top-column elementor-element elementor-element-c7c0c0f\" data-id=\"c7c0c0f\" data-element_type=\"column\">\n\t\t\t<div class=\"elementor-widget-wrap elementor-element-populated\">\n\t\t\t\t\t\t<div class=\"elementor-element elementor-element-a913e80 elementor-widget elementor-widget-heading\" data-id=\"a913e80\" data-element_type=\"widget\" data-widget_type=\"heading.default\">\n\t\t\t\t<div class=\"elementor-widget-container\">\n\t\t\t\t\t<h2 class=\"elementor-heading-title elementor-size-medium\">\u00dcbergriff<\/h2>\t\t\t\t<\/div>\n\t\t\t\t<\/div>\n\t\t\t\t\t<\/div>\n\t\t<\/div>\n\t\t\t\t\t<\/div>\n\t\t<\/section>\n\t\t\t\t<section class=\"elementor-section elementor-top-section elementor-element elementor-element-7e251b7 elementor-section-boxed elementor-section-height-default elementor-section-height-default\" data-id=\"7e251b7\" data-element_type=\"section\">\n\t\t\t\t\t\t<div class=\"elementor-container elementor-column-gap-default\">\n\t\t\t\t\t<div class=\"elementor-column elementor-col-100 elementor-top-column elementor-element elementor-element-94366a8\" data-id=\"94366a8\" data-element_type=\"column\">\n\t\t\t<div class=\"elementor-widget-wrap elementor-element-populated\">\n\t\t\t\t\t\t<div class=\"elementor-element elementor-element-be69c0f elementor-widget elementor-widget-text-editor\" data-id=\"be69c0f\" data-element_type=\"widget\" data-widget_type=\"text-editor.default\">\n\t\t\t\t<div class=\"elementor-widget-container\">\n\t\t\t\t\t\t\t\t\t<p>Aus aktuellem Anlass eine Definition zum Thema Netz\u00fcbergriff:<br \/>Eine Spielaktion gilt dann als \u201e\u00fcbergegriffen\u201c wenn die gegnerische Mannschaft noch eine realistische Chance gehabt h\u00e4tte den Ball regelgerecht spielen zu k\u00f6nnen. Ist zum Zeitpunkt der \u00fcbergreifenden Aktion ein gegnerischer Spieler viel zu weit weg so darf auch \u00fcbergreifend geblockt werden.<\/p><p>Quelle: https:\/\/www.volleyballer.de\/regeln\/block.php<\/p>\t\t\t\t\t\t\t\t<\/div>\n\t\t\t\t<\/div>\n\t\t\t\t\t<\/div>\n\t\t<\/div>\n\t\t\t\t\t<\/div>\n\t\t<\/section>\n\t\t\t\t<section class=\"elementor-section elementor-top-section elementor-element elementor-element-1e004df elementor-section-boxed elementor-section-height-default elementor-section-height-default\" data-id=\"1e004df\" data-element_type=\"section\">\n\t\t\t\t\t\t<div class=\"elementor-container elementor-column-gap-default\">\n\t\t\t\t\t<div class=\"elementor-column elementor-col-100 elementor-top-column elementor-element elementor-element-18df5e1\" data-id=\"18df5e1\" data-element_type=\"column\">\n\t\t\t<div class=\"elementor-widget-wrap elementor-element-populated\">\n\t\t\t\t\t\t<div class=\"elementor-element elementor-element-7941809 elementor-widget elementor-widget-heading\" data-id=\"7941809\" data-element_type=\"widget\" data-widget_type=\"heading.default\">\n\t\t\t\t<div class=\"elementor-widget-container\">\n\t\t\t\t\t<h2 class=\"elementor-heading-title elementor-size-medium\">\u00dcbertritt \/ Netzber\u00fchrung<\/h2>\t\t\t\t<\/div>\n\t\t\t\t<\/div>\n\t\t\t\t\t<\/div>\n\t\t<\/div>\n\t\t\t\t\t<\/div>\n\t\t<\/section>\n\t\t\t\t<section class=\"elementor-section elementor-top-section elementor-element elementor-element-65c9306 elementor-section-boxed elementor-section-height-default elementor-section-height-default\" data-id=\"65c9306\" data-element_type=\"section\">\n\t\t\t\t\t\t<div class=\"elementor-container elementor-column-gap-default\">\n\t\t\t\t\t<div class=\"elementor-column elementor-col-100 elementor-top-column elementor-element elementor-element-fdebefc\" data-id=\"fdebefc\" data-element_type=\"column\">\n\t\t\t<div class=\"elementor-widget-wrap elementor-element-populated\">\n\t\t\t\t\t\t<div class=\"elementor-element elementor-element-b6a7a1d elementor-widget elementor-widget-text-editor\" data-id=\"b6a7a1d\" data-element_type=\"widget\" data-widget_type=\"text-editor.default\">\n\t\t\t\t<div class=\"elementor-widget-container\">\n\t\t\t\t\t\t\t\t\t<p>Ein \u00dcbertritt ins gegnerische Feld unterhalb des Netzes ist dann erlaubt wenn ein Teil sich noch auf oder \u00fcber der Mittellinie befindet. Wird bei dieser Aktion jedoch der Gegner behindert (auf den Fu\u00df treten etc.) so gilt dies als Fehler!<br \/>Quelle:\u00a0<a href=\"https:\/\/www.volleyballer.de\/regeln\/regel.php?Kapitel=12.2\">https:\/\/www.volleyballer.de\/regeln\/regel.php?Kapitel=12.2<\/a><\/p><p>Ein Kontakt mit dem Netz ist nur dann als Fehler zu werten wenn dies w\u00e4hrend einer Aktion stattfindet in welcher der Ball gespielt wird oder aber die Ber\u00fchrung das Spielgeschehen beeinflusst. Wenn der Ball ins Netz gespielt wird und dadurch der Gegner eine Netzber\u00fchrung verursacht so gilt dies nicht als Fehler.<\/p><p>Quelle:\u00a0\u00a0<a href=\"https:\/\/www.volleyballer.de\/regeln\/regel.php?Kapitel=12.3\">https:\/\/www.volleyballer.de\/regeln\/regel.php?Kapitel=12.3<\/a><\/p>\t\t\t\t\t\t\t\t<\/div>\n\t\t\t\t<\/div>\n\t\t\t\t\t<\/div>\n\t\t<\/div>\n\t\t\t\t\t<\/div>\n\t\t<\/section>\n\t\t\t\t<section class=\"elementor-section elementor-top-section elementor-element elementor-element-a7277fb elementor-section-boxed elementor-section-height-default elementor-section-height-default\" data-id=\"a7277fb\" data-element_type=\"section\">\n\t\t\t\t\t\t<div class=\"elementor-container elementor-column-gap-default\">\n\t\t\t\t\t<div class=\"elementor-column elementor-col-100 elementor-top-column elementor-element elementor-element-9b300d3\" data-id=\"9b300d3\" data-element_type=\"column\">\n\t\t\t<div class=\"elementor-widget-wrap elementor-element-populated\">\n\t\t\t\t\t\t<div class=\"elementor-element elementor-element-c609f83 elementor-widget elementor-widget-text-editor\" data-id=\"c609f83\" data-element_type=\"widget\" data-widget_type=\"text-editor.default\">\n\t\t\t\t<div class=\"elementor-widget-container\">\n\t\t\t\t\t\t\t\t\t<p>Generelle Volleyballregeln findet Ihr unter\u00a0<a href=\"https:\/\/www.volleyballer.de\/regeln\/regeln-db-index.php\">https:\/\/www.volleyballer.de\/regeln\/regeln-db-index.php<\/a><\/p>\t\t\t\t\t\t\t\t<\/div>\n\t\t\t\t<\/div>\n\t\t\t\t\t<\/div>\n\t\t<\/div>\n\t\t\t\t\t<\/div>\n\t\t<\/section>\n\t\t\t\t<section class=\"elementor-section elementor-top-section elementor-element elementor-element-c5c3967 elementor-section-boxed elementor-section-height-default elementor-section-height-default\" data-id=\"c5c3967\" data-element_type=\"section\">\n\t\t\t\t\t\t<div class=\"elementor-container elementor-column-gap-default\">\n\t\t\t\t\t<div class=\"elementor-column elementor-col-100 elementor-top-column elementor-element elementor-element-2b50c74\" data-id=\"2b50c74\" data-element_type=\"column\">\n\t\t\t<div class=\"elementor-widget-wrap elementor-element-populated\">\n\t\t\t\t\t\t<div class=\"elementor-element elementor-element-18b965b elementor-widget elementor-widget-text-editor\" data-id=\"18b965b\" data-element_type=\"widget\" data-widget_type=\"text-editor.default\">\n\t\t\t\t<div class=\"elementor-widget-container\">\n\t\t\t\t\t\t\t\t\t<p>Die Regeln stehen auch als PDF zum Download zur Verf\u00fcgung:\u00a0<\/p><p><a href=\"http:\/\/hobbyliga-stormarn.de\/wp-content\/uploads\/2019\/08\/Offizielles-Regelwerk-der-Hobbyliga-Stormarn.pdf\">http:\/\/hobbyliga-stormarn.de\/wp-content\/uploads\/2019\/08\/Offizielles-Regelwerk-der-Hobbyliga-Stormarn.pdf<\/a><\/p>\t\t\t\t\t\t\t\t<\/div>\n\t\t\t\t<\/div>\n\t\t\t\t\t<\/div>\n\t\t<\/div>\n\t\t\t\t\t<\/div>\n\t\t<\/section>\n\t\t\t\t<section class=\"elementor-section elementor-top-section elementor-element elementor-element-07bdd41 elementor-section-boxed elementor-section-height-default elementor-section-height-default\" data-id=\"07bdd41\" data-element_type=\"section\">\n\t\t\t\t\t\t<div class=\"elementor-container elementor-column-gap-default\">\n\t\t\t\t\t<div class=\"elementor-column elementor-col-100 elementor-top-column elementor-element elementor-element-ef45454\" data-id=\"ef45454\" data-element_type=\"column\">\n\t\t\t<div class=\"elementor-widget-wrap\">\n\t\t\t\t\t\t\t<\/div>\n\t\t<\/div>\n\t\t\t\t\t<\/div>\n\t\t<\/section>\n\t\t\t\t<\/div>\n\t\t","protected":false},"excerpt":{"rendered":"<p>Offizielles Regelwerk der Hobbyliga Stormarn Gespielt wird nach den offiziellen Regeln des DVV, davon abweichende Regelungen m\u00fcssen zwingend VOR Spielbeginn einvernehmlich durch beide Mannschaftsf\u00fchrer festgelegt und auf dem Spielberichtsbogen vermerkt werden! Wenn keine Einigung zustande kommt gelten die offiziellen Regeln. https:\/\/www.volleyballer.de\/regeln\/ Allgemeines Die Spielfeldgr\u00f6\u00dfe betr\u00e4gt 9x18m, hallenbedingte Gr\u00f6\u00dfen\u00e4nderungen sind dem Gegner vor Spielbeginn bekannt zu [&hellip;]<\/p>\n","protected":false},"author":1,"featured_media":0,"parent":0,"menu_order":0,"comment_status":"closed","ping_status":"closed","template":"elementor_header_footer","meta":{"footnotes":""},"class_list":["post-572","page","type-page","status-publish","hentry","entry"],"_links":{"self":[{"href":"https:\/\/www.hobbyliga-stormarn.de\/index.php\/wp-json\/wp\/v2\/pages\/572","targetHints":{"allow":["GET"]}}],"collection":[{"href":"https:\/\/www.hobbyliga-stormarn.de\/index.php\/wp-json\/wp\/v2\/pages"}],"about":[{"href":"https:\/\/www.hobbyliga-stormarn.de\/index.php\/wp-json\/wp\/v2\/types\/page"}],"author":[{"embeddable":true,"href":"https:\/\/www.hobbyliga-stormarn.de\/index.php\/wp-json\/wp\/v2\/users\/1"}],"replies":[{"embeddable":true,"href":"https:\/\/www.hobbyliga-stormarn.de\/index.php\/wp-json\/wp\/v2\/comments?post=572"}],"version-history":[{"count":29,"href":"https:\/\/www.hobbyliga-stormarn.de\/index.php\/wp-json\/wp\/v2\/pages\/572\/revisions"}],"predecessor-version":[{"id":876,"href":"https:\/\/www.hobbyliga-stormarn.de\/index.php\/wp-json\/wp\/v2\/pages\/572\/revisions\/876"}],"wp:attachment":[{"href":"https:\/\/www.hobbyliga-stormarn.de\/index.php\/wp-json\/wp\/v2\/media?parent=572"}],"curies":[{"name":"wp","href":"https:\/\/api.w.org\/{rel}","templated":true}]}}