{"id":604,"date":"2023-08-07T11:53:21","date_gmt":"2023-08-07T09:53:21","guid":{"rendered":"https:\/\/www.hobbyliga-stormarn.de\/?page_id=604"},"modified":"2023-09-29T11:46:05","modified_gmt":"2023-09-29T09:46:05","slug":"spielbericht","status":"publish","type":"page","link":"https:\/\/www.hobbyliga-stormarn.de\/index.php\/spielbericht\/","title":{"rendered":"Spielbericht"},"content":{"rendered":"\t\t<div data-elementor-type=\"wp-page\" data-elementor-id=\"604\" class=\"elementor elementor-604\">\n\t\t\t\t\t\t<section class=\"elementor-section elementor-top-section elementor-element elementor-element-be10e5c elementor-section-boxed elementor-section-height-default elementor-section-height-default\" data-id=\"be10e5c\" data-element_type=\"section\">\n\t\t\t\t\t\t<div class=\"elementor-container elementor-column-gap-default\">\n\t\t\t\t\t<div class=\"elementor-column elementor-col-100 elementor-top-column elementor-element elementor-element-5aad3f6\" data-id=\"5aad3f6\" data-element_type=\"column\">\n\t\t\t<div class=\"elementor-widget-wrap elementor-element-populated\">\n\t\t\t\t\t\t<div class=\"elementor-element elementor-element-b960b16 elementor-widget elementor-widget-heading\" data-id=\"b960b16\" data-element_type=\"widget\" data-widget_type=\"heading.default\">\n\t\t\t\t<div class=\"elementor-widget-container\">\n\t\t\t\t\t<h2 class=\"elementor-heading-title elementor-size-large\">Spielbericht<\/h2>\t\t\t\t<\/div>\n\t\t\t\t<\/div>\n\t\t\t\t\t<\/div>\n\t\t<\/div>\n\t\t\t\t\t<\/div>\n\t\t<\/section>\n\t\t\t\t<section class=\"elementor-section elementor-top-section elementor-element elementor-element-f9cefe2 elementor-section-boxed elementor-section-height-default elementor-section-height-default\" data-id=\"f9cefe2\" data-element_type=\"section\">\n\t\t\t\t\t\t<div class=\"elementor-container elementor-column-gap-default\">\n\t\t\t\t\t<div class=\"elementor-column elementor-col-100 elementor-top-column elementor-element elementor-element-8cd6cb9\" data-id=\"8cd6cb9\" data-element_type=\"column\">\n\t\t\t<div class=\"elementor-widget-wrap elementor-element-populated\">\n\t\t\t\t\t\t<div class=\"elementor-element elementor-element-bec5d34 elementor-widget elementor-widget-text-editor\" data-id=\"bec5d34\" data-element_type=\"widget\" data-widget_type=\"text-editor.default\">\n\t\t\t\t<div class=\"elementor-widget-container\">\n\t\t\t\t\t\t\t\t\t<p>Um eine einheitliche Meldung der Spielergebnisse zu haben bitten wir darum den hier zur Verf\u00fcgung gestellten Spielbericht zu verwenden.<\/p>\n<p><a href=\"http:\/\/hobbyliga-stormarn.de\/wp-content\/uploads\/2019\/08\/Spielbericht-mit-S%C3%A4tzen-blanko.pdf\" target=\"_blank\" rel=\"noopener\"><u><b>Spielbericht herunterladen<\/b><\/u><\/a><\/p>\n<p>Weitere Meldungen zum Spiel (Unstimmigkeiten, Verst\u00f6\u00dfe, Ausnahmeregelungen) bitte auf dem Spielbericht handschriftlich vermerken. Unmittelbar nach Spielende hat eine \u00dcbermittlung des vollst\u00e4ndig ausgef\u00fcllten Spielberichts an die hier hinterlegten Kontaktdaten zu erfolgen!<\/p>\n<p>Nicht vorliegende Spielberichte f\u00fchren zu einer negativen Spielwertung der Heimmannschaft (3:0 S\u00e4tze, 75:0 B\u00e4lle)<\/p>\t\t\t\t\t\t\t\t<\/div>\n\t\t\t\t<\/div>\n\t\t\t\t\t<\/div>\n\t\t<\/div>\n\t\t\t\t\t<\/div>\n\t\t<\/section>\n\t\t\t\t<\/div>\n\t\t","protected":false},"excerpt":{"rendered":"<p>Spielbericht Um eine einheitliche Meldung der Spielergebnisse zu haben bitten wir darum den hier zur Verf\u00fcgung gestellten Spielbericht zu verwenden. Spielbericht herunterladen Weitere Meldungen zum Spiel (Unstimmigkeiten, Verst\u00f6\u00dfe, Ausnahmeregelungen) bitte auf dem Spielbericht handschriftlich vermerken. Unmittelbar nach Spielende hat eine \u00dcbermittlung des vollst\u00e4ndig ausgef\u00fcllten Spielberichts an die hier hinterlegten Kontaktdaten zu erfolgen! Nicht vorliegende Spielberichte [&hellip;]<\/p>\n","protected":false},"author":1,"featured_media":0,"parent":0,"menu_order":0,"comment_status":"closed","ping_status":"closed","template":"elementor_header_footer","meta":{"footnotes":""},"class_list":["post-604","page","type-page","status-publish","hentry","entry"],"_links":{"self":[{"href":"https:\/\/www.hobbyliga-stormarn.de\/index.php\/wp-json\/wp\/v2\/pages\/604","targetHints":{"allow":["GET"]}}],"collection":[{"href":"https:\/\/www.hobbyliga-stormarn.de\/index.php\/wp-json\/wp\/v2\/pages"}],"about":[{"href":"https:\/\/www.hobbyliga-stormarn.de\/index.php\/wp-json\/wp\/v2\/types\/page"}],"author":[{"embeddable":true,"href":"https:\/\/www.hobbyliga-stormarn.de\/index.php\/wp-json\/wp\/v2\/users\/1"}],"replies":[{"embeddable":true,"href":"https:\/\/www.hobbyliga-stormarn.de\/index.php\/wp-json\/wp\/v2\/comments?post=604"}],"version-history":[{"count":10,"href":"https:\/\/www.hobbyliga-stormarn.de\/index.php\/wp-json\/wp\/v2\/pages\/604\/revisions"}],"predecessor-version":[{"id":730,"href":"https:\/\/www.hobbyliga-stormarn.de\/index.php\/wp-json\/wp\/v2\/pages\/604\/revisions\/730"}],"wp:attachment":[{"href":"https:\/\/www.hobbyliga-stormarn.de\/index.php\/wp-json\/wp\/v2\/media?parent=604"}],"curies":[{"name":"wp","href":"https:\/\/api.w.org\/{rel}","templated":true}]}}