{"id":613,"date":"2023-08-07T11:59:18","date_gmt":"2023-08-07T09:59:18","guid":{"rendered":"https:\/\/www.hobbyliga-stormarn.de\/?page_id=613"},"modified":"2023-08-07T12:02:07","modified_gmt":"2023-08-07T10:02:07","slug":"kontakt","status":"publish","type":"page","link":"https:\/\/www.hobbyliga-stormarn.de\/index.php\/kontakt\/","title":{"rendered":"Kontakt"},"content":{"rendered":"\t\t<div data-elementor-type=\"wp-page\" data-elementor-id=\"613\" class=\"elementor elementor-613\">\n\t\t\t\t\t\t<section class=\"elementor-section elementor-top-section elementor-element elementor-element-35a30b2 elementor-section-boxed elementor-section-height-default elementor-section-height-default\" data-id=\"35a30b2\" data-element_type=\"section\">\n\t\t\t\t\t\t<div class=\"elementor-container elementor-column-gap-default\">\n\t\t\t\t\t<div class=\"elementor-column elementor-col-100 elementor-top-column elementor-element elementor-element-273a894\" data-id=\"273a894\" data-element_type=\"column\">\n\t\t\t<div class=\"elementor-widget-wrap elementor-element-populated\">\n\t\t\t\t\t\t<div class=\"elementor-element elementor-element-87d0754 elementor-widget elementor-widget-heading\" data-id=\"87d0754\" data-element_type=\"widget\" data-widget_type=\"heading.default\">\n\t\t\t\t<div class=\"elementor-widget-container\">\n\t\t\t\t\t<h2 class=\"elementor-heading-title elementor-size-large\">Kontaktm\u00f6glichkeiten<\/h2>\t\t\t\t<\/div>\n\t\t\t\t<\/div>\n\t\t\t\t\t<\/div>\n\t\t<\/div>\n\t\t\t\t\t<\/div>\n\t\t<\/section>\n\t\t\t\t<section class=\"elementor-section elementor-top-section elementor-element elementor-element-abddfe5 elementor-section-boxed elementor-section-height-default elementor-section-height-default\" data-id=\"abddfe5\" data-element_type=\"section\">\n\t\t\t\t\t\t<div class=\"elementor-container elementor-column-gap-default\">\n\t\t\t\t\t<div class=\"elementor-column elementor-col-100 elementor-top-column elementor-element elementor-element-4cb5c8c\" data-id=\"4cb5c8c\" data-element_type=\"column\">\n\t\t\t<div class=\"elementor-widget-wrap elementor-element-populated\">\n\t\t\t\t\t\t<div class=\"elementor-element elementor-element-d264944 elementor-widget elementor-widget-text-editor\" data-id=\"d264944\" data-element_type=\"widget\" data-widget_type=\"text-editor.default\">\n\t\t\t\t<div class=\"elementor-widget-container\">\n\t\t\t\t\t\t\t\t\t<p>F\u00fcr Fragen, Anregungen und weiteren Kontakt stehe ich gern zur Verf\u00fcgung:<\/p><p><strong>Bj\u00f6rn Hanson<\/strong><br \/>Mobil (Whatsapp, Telegram, SMS, iMessage): null eins sieben neun \u2013 eins zwei null sieben sieben vier f\u00fcnf<\/p><p><strong>Spielberichte und Anmeldungen<\/strong>\u00a0bitte per eMail an\u00a0<span style=\"font-size: 18px; color: var( --e-global-color-text ); letter-spacing: var( --e-global-typography-text-letter-spacing ); text-transform: var( --e-global-typography-text-text-transform ); word-spacing: var( --e-global-typography-text-word-spacing ); background-color: var( --e-global-color-2b4a467 );\">hobbyliga-stormarn@gmx.de oder per WhatsApp an o.g. Handynummer<\/span><\/p>\t\t\t\t\t\t\t\t<\/div>\n\t\t\t\t<\/div>\n\t\t\t\t\t<\/div>\n\t\t<\/div>\n\t\t\t\t\t<\/div>\n\t\t<\/section>\n\t\t\t\t<\/div>\n\t\t","protected":false},"excerpt":{"rendered":"<p>Kontaktm\u00f6glichkeiten F\u00fcr Fragen, Anregungen und weiteren Kontakt stehe ich gern zur Verf\u00fcgung: Bj\u00f6rn Hanson Mobil (Whatsapp, Telegram, SMS, iMessage): null eins sieben neun \u2013 eins zwei null sieben sieben vier f\u00fcnf Spielberichte und Anmeldungen&nbsp;bitte per eMail an&nbsp;hobbyliga-stormarn@gmx.de oder per WhatsApp an o.g. Handynummer<\/p>\n","protected":false},"author":1,"featured_media":0,"parent":0,"menu_order":0,"comment_status":"closed","ping_status":"closed","template":"elementor_header_footer","meta":{"footnotes":""},"class_list":["post-613","page","type-page","status-publish","hentry","entry"],"_links":{"self":[{"href":"https:\/\/www.hobbyliga-stormarn.de\/index.php\/wp-json\/wp\/v2\/pages\/613","targetHints":{"allow":["GET"]}}],"collection":[{"href":"https:\/\/www.hobbyliga-stormarn.de\/index.php\/wp-json\/wp\/v2\/pages"}],"about":[{"href":"https:\/\/www.hobbyliga-stormarn.de\/index.php\/wp-json\/wp\/v2\/types\/page"}],"author":[{"embeddable":true,"href":"https:\/\/www.hobbyliga-stormarn.de\/index.php\/wp-json\/wp\/v2\/users\/1"}],"replies":[{"embeddable":true,"href":"https:\/\/www.hobbyliga-stormarn.de\/index.php\/wp-json\/wp\/v2\/comments?post=613"}],"version-history":[{"count":8,"href":"https:\/\/www.hobbyliga-stormarn.de\/index.php\/wp-json\/wp\/v2\/pages\/613\/revisions"}],"predecessor-version":[{"id":621,"href":"https:\/\/www.hobbyliga-stormarn.de\/index.php\/wp-json\/wp\/v2\/pages\/613\/revisions\/621"}],"wp:attachment":[{"href":"https:\/\/www.hobbyliga-stormarn.de\/index.php\/wp-json\/wp\/v2\/media?parent=613"}],"curies":[{"name":"wp","href":"https:\/\/api.w.org\/{rel}","templated":true}]}}